{"id":645489,"date":"2025-10-31T14:26:29","date_gmt":"2025-10-31T13:26:29","guid":{"rendered":"https:\/\/medandbeauty.com\/product\/damske-lekarske-nohavice-flare-premium-mocca\/"},"modified":"2026-02-17T15:16:02","modified_gmt":"2026-02-17T14:16:02","slug":"damske-lekarske-nohavice-flare-premium-mocca","status":"publish","type":"product","link":"https:\/\/medandbeauty.com\/sk\/product\/damske-lekarske-nohavice-flare-premium-mocca\/","title":{"rendered":"D\u00e1mske lek\u00e1rske nohavice Flare Premium Mocca"},"content":{"rendered":"<p>Teraz s\u00fa k dispoz\u00edcii na\u0161e najpred\u00e1vanej\u0161ie <strong>lek\u00e1rske nohavice v roz\u0161\u00edrenom strihu FLARE!<\/strong><\/p>\n<p><span style=\"color: #000000;\">Ak h\u013ead\u00e1te zdravotn\u00edcke oble\u010denie vyroben\u00e9 z najkvalitnej\u0161\u00edch materi\u00e1lov pre maxim\u00e1lne pohodlie &#8211; na\u0161e <\/span><strong><span style=\"color: #000000;\">lek\u00e1rske nohavice <\/span><span style=\"color: #000000;\"><span style=\"caret-color: #000000;\">Flara Premium<\/span> <\/span><span style=\"color: #000000;\"> vo farbe Mocca<\/span><\/strong><span style=\"color: #000000;\"> s\u00fa povinnou v\u00fdbavou v\u00e1\u0161ho \u0161atn\u00edka.<\/span><\/p>\n<p style=\"color: #000000;\"><strong> <span style=\"color: #000000;\">D\u00e1mske<\/span> zdravotn\u00e9 nohavice Flare Premium <span style=\"color: #000000;\">Mocca<\/span> boli u\u0161it\u00e9 z <\/strong>na dotyk jemnej a na nosenie mimoriadne pr\u00edjemnej tkaniny, ktor\u00e1 zaru\u010duje maxim\u00e1lne pohodlie pri nosen\u00ed a zachovanie pln\u00e9ho rozsahu pohybu.<\/p>\n<p style=\"color: #000000;\"><span style=\"caret-color: #333333; color: #333333;\">  V\u010faka 80 % vysokokvalitnej bavlny v kombin\u00e1cii s nylonom a lycrou je priedu\u0161n\u00e1, m\u00e4kk\u00e1, kr\u00e1sne sed\u00ed na postave a nekr\u010d\u00ed sa.<\/span><\/p>\n<p><span style=\"color: #000000;\">Stopercentn\u00e9 pohodlie zaru\u010duje jemne vysok\u00fd p\u00e1s a \u0161irok\u00fd elastick\u00fd p\u00e1s.<\/span><strong style=\"color: #000000;\"> <\/strong><strong><span style=\"color: #000000;\">Zdravotn\u00edcke nohavice Flare od spolo\u010dnosti Med &amp; Beauty<\/span><\/strong><span style=\"color: #000000;\"> neobmedzuj\u00fa pohyb ani pri dlh\u0161om nosen\u00ed.<\/span><\/p>\n<p><span style=\"color: #000000;\">Zostavte si sadu snov <\/span><strong style=\"color: #000000;\">zdravotn\u00edckeho oble\u010denia<\/strong><span style=\"color: #000000;\">zladen\u00edm<\/span><strong><span style=\"color: #000000;\"> D\u00e1mske lek\u00e1rske nohavice Flare Mocca <\/span><\/strong><strong style=\"font-family: inherit;\">lek\u00e1rska tunika <\/strong><span style=\"font-family: inherit;\">z rovnak\u00e9ho materi\u00e1lu.<\/span><\/p>\n<p style=\"color: #000000;\">Vo\u013ene kombinujte farby a vytv\u00e1rajte jedine\u010dn\u00e9 vzh\u013eady alebo sa rozhodnite pre klasick\u00fd a nad\u010dasov\u00fd jednofarebn\u00fd vzh\u013ead.<\/p>\n<ul style=\"color: #000000;\">\n<li>Elastick\u00fd p\u00e1s<\/li>\n<li><span style=\"font-family: inherit;\">Roztiahnut\u00e9 nohy<\/span><\/li>\n<li><span style=\"font-family: inherit;\">Vysok\u00fd n\u00e1rast na zv\u00fdraznenie postavy<\/span><\/li>\n<\/ul>\n<p style=\"color: #000000;\"><strong> <\/strong><\/p>\n<p style=\"color: #000000;\"><strong>\u010eal\u0161ie inform\u00e1cie:<\/strong><br \/>\nModelky na fotografi\u00e1ch maj\u00fa na sebe ve\u013ekos\u0165 S a s\u00fa vysok\u00e9 170-174 cm.<\/p>\n<p style=\"color: #000000;\">Ak si neviete vybra\u0165 ve\u013ekos\u0165, pozrite si tabu\u013eku ve\u013ekost\u00ed. Ak m\u00e1te \u010fal\u0161ie pochybnosti &#8211; po\u0161lite n\u00e1m svoje miery a my v\u00e1m ju prisp\u00f4sob\u00edme. <\/p>\n<p style=\"color: #000000;\">Farby odevov v<a href=\"https:\/\/medandbeauty.com\/sk\/shop\/pre-nu\/zakladna-kolekcia\/\" target=\"_blank\" rel=\"noopener\"> kolekcii Basic<\/a> sa nezhoduj\u00fa s farbami odevov v <a href=\"https:\/\/medandbeauty.com\/sk\/shop\/pre-nu\/kolekcia-premium\/\" target=\"_blank\" rel=\"noopener\">kolekcii Premium<\/a> &#8211; s\u00fa vyroben\u00e9 z r\u00f4znych materi\u00e1lov.<\/p>\n<p style=\"color: #000000;\">Odtiene jednotliv\u00fdch odevov na obr\u00e1zkoch sa m\u00f4\u017eu l\u00ed\u0161i\u0165 od skuto\u010dn\u00fdch &#8211; je to sp\u00f4soben\u00e9 r\u00f4znorodos\u0165ou dostupn\u00fdch elektronick\u00fdch zariaden\u00ed a ich individu\u00e1lnym nastaven\u00edm.<\/p>\n","protected":false},"excerpt":{"rendered":"<p>Teraz s\u00fa k dispoz\u00edcii na\u0161e najpred\u00e1vanej\u0161ie lek\u00e1rske nohavice v roz\u0161\u00edrenom strihu FLARE! Ak h\u013ead\u00e1te zdravotn\u00edcke oble\u010denie vyroben\u00e9 z najkvalitnej\u0161\u00edch materi\u00e1lov pre maxim\u00e1lne pohodlie &#8211; na\u0161e lek\u00e1rske nohavice Flara Premium vo farbe Mocca s\u00fa povinnou v\u00fdbavou v\u00e1\u0161ho \u0161atn\u00edka. D\u00e1mske zdravotn\u00e9 nohavice Flare Premium Mocca boli u\u0161it\u00e9 z na dotyk jemnej a na nosenie mimoriadne pr\u00edjemnej tkaniny, [&hellip;]<\/p>\n","protected":false},"featured_media":576667,"comment_status":"open","ping_status":"closed","template":"","meta":{"_acf_changed":false,"inline_featured_image":false},"kolor":[1057],"rodzaj-ubrania":[1095],"ubranie":[1507],"product_brand":[],"product_cat":[1175,1242,1058],"product_tag":[],"class_list":{"0":"post-645489","1":"product","2":"type-product","3":"status-publish","4":"has-post-thumbnail","6":"kolor-beiges-sk","7":"rodzaj-ubrania-lekarske-nohavice","8":"ubranie-damske-lekarske-nohavice-flare-premium","9":"product_cat-kolekcia-premium","10":"product_cat-lekarske-nohavice-sk-2","11":"product_cat-pre-nu","13":"first","14":"instock","15":"taxable","16":"shipping-taxable","17":"purchasable","18":"product-type-variable"},"acf":[],"_links":{"self":[{"href":"https:\/\/medandbeauty.com\/sk\/wp-json\/wp\/v2\/product\/645489","targetHints":{"allow":["GET"]}}],"collection":[{"href":"https:\/\/medandbeauty.com\/sk\/wp-json\/wp\/v2\/product"}],"about":[{"href":"https:\/\/medandbeauty.com\/sk\/wp-json\/wp\/v2\/types\/product"}],"replies":[{"embeddable":true,"href":"https:\/\/medandbeauty.com\/sk\/wp-json\/wp\/v2\/comments?post=645489"}],"wp:featuredmedia":[{"embeddable":true,"href":"https:\/\/medandbeauty.com\/sk\/wp-json\/wp\/v2\/media\/576667"}],"wp:attachment":[{"href":"https:\/\/medandbeauty.com\/sk\/wp-json\/wp\/v2\/media?parent=645489"}],"wp:term":[{"taxonomy":"kolor","embeddable":true,"href":"https:\/\/medandbeauty.com\/sk\/wp-json\/wp\/v2\/kolor?post=645489"},{"taxonomy":"rodzaj-ubrania","embeddable":true,"href":"https:\/\/medandbeauty.com\/sk\/wp-json\/wp\/v2\/rodzaj-ubrania?post=645489"},{"taxonomy":"ubranie","embeddable":true,"href":"https:\/\/medandbeauty.com\/sk\/wp-json\/wp\/v2\/ubranie?post=645489"},{"taxonomy":"product_brand","embeddable":true,"href":"https:\/\/medandbeauty.com\/sk\/wp-json\/wp\/v2\/product_brand?post=645489"},{"taxonomy":"product_cat","embeddable":true,"href":"https:\/\/medandbeauty.com\/sk\/wp-json\/wp\/v2\/product_cat?post=645489"},{"taxonomy":"product_tag","embeddable":true,"href":"https:\/\/medandbeauty.com\/sk\/wp-json\/wp\/v2\/product_tag?post=645489"}],"curies":[{"name":"wp","href":"https:\/\/api.w.org\/{rel}","templated":true}]}}