{"id":648448,"date":"2024-01-10T23:31:07","date_gmt":"2024-01-10T23:31:07","guid":{"rendered":"https:\/\/medandbeauty.com\/product\/panska-lekarska-bluzka-scrubs-basic-black\/"},"modified":"2026-03-24T17:02:35","modified_gmt":"2026-03-24T16:02:35","slug":"panska-lekarska-bluzka-scrubs-basic-black","status":"publish","type":"product","link":"https:\/\/medandbeauty.com\/sk\/product\/panska-lekarska-bluzka-scrubs-basic-black\/","title":{"rendered":"P\u00e1nska lek\u00e1rska bl\u00fazka scrubs basic BLACK"},"content":{"rendered":"<p style=\"font-weight: 400;\">Zozn\u00e1mte sa s klasikmi, <a href=\"https:\/\/medandbeauty.com\/sk\/shop\/pre-neho\/zakladna-kolekcia-sk\/\" target=\"_blank\" rel=\"noopener\"><strong>p\u00e1nske nohavice Basic<\/strong><\/a> ob\u013e\u00faben\u00e9 na\u0161imi z\u00e1kazn\u00edkmi!<\/p>\n<p style=\"font-weight: 400;\">Pri dlh\u00fdch hodin\u00e1ch str\u00e1ven\u00fdch v pr\u00e1ci potrebujete <strong>zdravotn\u00edcky odev, ktor\u00fd<\/strong> poskytuje maxim\u00e1lne pohodlie. <strong>P\u00e1nska lek\u00e1rska bl\u00faza Scrubs Basic v \u010diernej farbe bola<\/strong> vyroben\u00e1 z najkvalitnej\u0161\u00edch materi\u00e1lov.<\/p>\n<p style=\"font-weight: 400;\">V\u010faka kombin\u00e1cii polyesteru, visk\u00f3zy a lycry je materi\u00e1l m\u00e4kk\u00fd, ve\u013emi odoln\u00fd, prisp\u00f4sob\u00ed sa ka\u017ed\u00e9mu tvaru tela, neobmedzuje pohyb a, \u010do je pre zdravotn\u00edcke odevy mimoriadne d\u00f4le\u017eit\u00e9, je priedu\u0161n\u00fd a priedu\u0161n\u00fd.<\/p>\n<p style=\"font-weight: 400;\"><strong>\u010cierna p\u00e1nska lek\u00e1rska bl\u00faza Scrubs Basic je dokonal\u00fdm z\u00e1kladom<\/strong> klasick\u00e9ho a ve\u013emi praktick\u00e9ho p\u00e1nskeho <strong>lek\u00e1rskeho \u0161atn\u00edka.<\/strong><\/p>\n<p style=\"font-weight: 400;\"><strong>\u010cierna p\u00e1nska lek\u00e1rska bl\u00faza Scrubs Basic je vybaven\u00e1<\/strong> dvoma priestrann\u00fdmi a praktick\u00fdmi vreckami na ulo\u017eenie v\u0161etk\u00fdch n\u00e1strojov a doplnkov potrebn\u00fdch pri pr\u00e1ci. Okrem toho bolo na hrudi umiestnen\u00e9 funk\u010dn\u00e9 vrecko na doklady toto\u017enosti. <\/p>\n<p style=\"font-weight: 400;\">Klasick\u00fd v\u00e9\u010dkov\u00fd v\u00fdstrih vizu\u00e1lne zd\u00f4raz\u0148uje eleganciu tohto modelu, zatia\u013e \u010do d\u013a\u017eka ruk\u00e1vov (siahaj\u00faca takmer po lake\u0165) poskytuje ochranu ramien a z\u00e1rove\u0148 neobmedzuje rozsah pohybu.<\/p>\n<p style=\"font-weight: 400;\"><strong>P\u00e1nske pracovn\u00e9 odevy Basic medical bl\u00fazka v \u010diernej farbe<\/strong> <a href=\"https:\/\/medandbeauty.com\/sk\/product\/panske-lekarske-nohavice-joggers-scrubs-basic-black\/\" target=\"_blank\" rel=\"noopener\"><strong>lek\u00e1rskymi be\u017eeck\u00fdmi nohavicami<\/strong> <\/a>alebo . <a href=\"https:\/\/medandbeauty.com\/sk\/product\/panske-lekarske-nohavice-proste-scrubs-basic-black\/\" target=\"_blank\" rel=\"noopener\"><strong>klasick\u00fdmi proste lek\u00e1rskymi nohavicami<\/strong> <\/a>v rovnakej farbe alebo si vyberte in\u00fd odtie\u0148 z dostupn\u00fdch <a href=\"https:\/\/medandbeauty.com\/sk\/shop\/pre-neho\/zakladna-kolekcia-sk\/\" target=\"_blank\" rel=\"noopener\"><strong>kolekcie Med &amp; Beauty Basic<\/strong><\/a>.<\/p>\n<p style=\"font-weight: 400;\">Zabezpe\u010dte si maxim\u00e1lne pohodlie a profesion\u00e1lny vzh\u013ead pri pr\u00e1ci so<strong> zdravotn\u00edckymi \u0161atkami Med &amp; Beauty Basic.<\/strong><\/p>\n<ul>\n<li style=\"font-weight: 400;\">Dve ve\u013ek\u00e9, priestrann\u00e9 predn\u00e9 vreck\u00e1 a \u010fal\u0161ie n\u00e1prsn\u00e9 vrecko<\/li>\n<li style=\"font-weight: 400;\"><span style=\"font-family: inherit;\">Elegantn\u00fd, rovn\u00fd strih<\/span><\/li>\n<li style=\"font-weight: 400;\"><span style=\"font-family: inherit;\">Klasick\u00fd v\u00fdstrih do V<\/span><\/li>\n<li style=\"font-weight: 400;\"><span style=\"font-family: inherit;\">Pohodln\u00fd, kr\u00e1tky ruk\u00e1v<\/span><\/li>\n<\/ul>\n<p>&nbsp;<\/p>\n<p style=\"font-weight: 400;\"><strong>\u010eal\u0161ie inform\u00e1cie:<\/strong><\/p>\n<p style=\"font-weight: 400;\">Modelka na fotografi\u00e1ch m\u00e1 na sebe ve\u013ekos\u0165 L a je vysok\u00e1 186 cm.<\/p>\n<p style=\"font-weight: 400;\">Ak si neviete vybra\u0165 ve\u013ekos\u0165, pozrite si tabu\u013eku ve\u013ekost\u00ed. Ak m\u00e1te \u010fal\u0161ie pochybnosti &#8211; po\u0161lite n\u00e1m svoje miery a my v\u00e1m ju prisp\u00f4sob\u00edme. <\/p>\n<p style=\"font-weight: 400;\">Farby odevov v <a href=\"https:\/\/medandbeauty.com\/sk\/shop\/pre-neho\/zakladna-kolekcia-sk\/\" target=\"_blank\" rel=\"noopener\">kolekcii Basic<\/a> sa nezhoduj\u00fa s farbami odevov v <a href=\"https:\/\/medandbeauty.com\/sk\/shop\/pre-neho\/kolekcia-premium-sk\/\" target=\"_blank\" rel=\"noopener\">kolekcii Premium<\/a> &#8211; s\u00fa vyroben\u00e9 z r\u00f4znych materi\u00e1lov.<\/p>\n<p style=\"font-weight: 400;\">Odtiene jednotliv\u00fdch odevov na obr\u00e1zkoch sa m\u00f4\u017eu l\u00ed\u0161i\u0165 od skuto\u010dn\u00fdch &#8211; je to sp\u00f4soben\u00e9 r\u00f4znorodos\u0165ou dostupn\u00fdch elektronick\u00fdch zariaden\u00ed a ich individu\u00e1lnym nastaven\u00edm.<\/p>\n","protected":false},"excerpt":{"rendered":"<p>Zozn\u00e1mte sa s klasikmi, p\u00e1nske nohavice Basic ob\u013e\u00faben\u00e9 na\u0161imi z\u00e1kazn\u00edkmi! Pri dlh\u00fdch hodin\u00e1ch str\u00e1ven\u00fdch v pr\u00e1ci potrebujete zdravotn\u00edcky odev, ktor\u00fd poskytuje maxim\u00e1lne pohodlie. P\u00e1nska lek\u00e1rska bl\u00faza Scrubs Basic v \u010diernej farbe bola vyroben\u00e1 z najkvalitnej\u0161\u00edch materi\u00e1lov. V\u010faka kombin\u00e1cii polyesteru, visk\u00f3zy a lycry je materi\u00e1l m\u00e4kk\u00fd, ve\u013emi odoln\u00fd, prisp\u00f4sob\u00ed sa ka\u017ed\u00e9mu tvaru tela, neobmedzuje pohyb a, [&hellip;]<\/p>\n","protected":false},"featured_media":479622,"comment_status":"open","ping_status":"closed","template":"","meta":{"_acf_changed":false,"inline_featured_image":false},"kolor":[1168],"rodzaj-ubrania":[1082,1083],"ubranie":[1103],"product_brand":[],"product_cat":[1102,1101,1098,1099],"product_tag":[],"class_list":{"0":"post-648448","1":"product","2":"type-product","3":"status-publish","4":"has-post-thumbnail","6":"kolor-czernie-sk","7":"rodzaj-ubrania-kroviny","8":"rodzaj-ubrania-lekarske-bluzky","9":"ubranie-panske-lekarske-bluzy-scrubs-basic","10":"product_cat-kroviny-sk","11":"product_cat-lekarske-bluzky-sk","12":"product_cat-pre-neho","13":"product_cat-zakladna-kolekcia-sk","15":"first","16":"instock","17":"taxable","18":"shipping-taxable","19":"purchasable","20":"product-type-variable"},"acf":[],"_links":{"self":[{"href":"https:\/\/medandbeauty.com\/sk\/wp-json\/wp\/v2\/product\/648448","targetHints":{"allow":["GET"]}}],"collection":[{"href":"https:\/\/medandbeauty.com\/sk\/wp-json\/wp\/v2\/product"}],"about":[{"href":"https:\/\/medandbeauty.com\/sk\/wp-json\/wp\/v2\/types\/product"}],"replies":[{"embeddable":true,"href":"https:\/\/medandbeauty.com\/sk\/wp-json\/wp\/v2\/comments?post=648448"}],"wp:featuredmedia":[{"embeddable":true,"href":"https:\/\/medandbeauty.com\/sk\/wp-json\/wp\/v2\/media\/479622"}],"wp:attachment":[{"href":"https:\/\/medandbeauty.com\/sk\/wp-json\/wp\/v2\/media?parent=648448"}],"wp:term":[{"taxonomy":"kolor","embeddable":true,"href":"https:\/\/medandbeauty.com\/sk\/wp-json\/wp\/v2\/kolor?post=648448"},{"taxonomy":"rodzaj-ubrania","embeddable":true,"href":"https:\/\/medandbeauty.com\/sk\/wp-json\/wp\/v2\/rodzaj-ubrania?post=648448"},{"taxonomy":"ubranie","embeddable":true,"href":"https:\/\/medandbeauty.com\/sk\/wp-json\/wp\/v2\/ubranie?post=648448"},{"taxonomy":"product_brand","embeddable":true,"href":"https:\/\/medandbeauty.com\/sk\/wp-json\/wp\/v2\/product_brand?post=648448"},{"taxonomy":"product_cat","embeddable":true,"href":"https:\/\/medandbeauty.com\/sk\/wp-json\/wp\/v2\/product_cat?post=648448"},{"taxonomy":"product_tag","embeddable":true,"href":"https:\/\/medandbeauty.com\/sk\/wp-json\/wp\/v2\/product_tag?post=648448"}],"curies":[{"name":"wp","href":"https:\/\/api.w.org\/{rel}","templated":true}]}}