{"id":649033,"date":"2024-01-06T21:02:29","date_gmt":"2024-01-06T21:02:29","guid":{"rendered":"https:\/\/medandbeauty.com\/product\/pansky-klasicky-lekarsky-plast-premium-white\/"},"modified":"2024-01-06T21:02:29","modified_gmt":"2024-01-06T20:02:29","slug":"pansky-klasicky-lekarsky-plast-premium-white","status":"publish","type":"product","link":"https:\/\/medandbeauty.com\/sk\/product\/pansky-klasicky-lekarsky-plast-premium-white\/","title":{"rendered":"P\u00e1nsky klasick\u00fd lek\u00e1rsky pl\u00e1\u0161\u0165 premium WHITE"},"content":{"rendered":"<p style=\"font-weight: 400;\"><strong>Klasick\u00e1 p\u00e1nska lek\u00e1rska z\u00e1stera Med &amp; Beauty od<\/strong> <a href=\"https:\/\/medandbeauty.com\/sk\/shop\/pre-neho\/kolekcia-premium-sk\/\" target=\"_blank\" rel=\"noopener\"><strong>kolekcie Premium<\/strong> <\/a>je najpohodlnej\u0161ia <strong>z\u00e1stera na<\/strong> ka\u017edodenn\u00fa pr\u00e1cu pre v\u0161etk\u00fdch zdravotn\u00edckych a kozmetick\u00fdch pracovn\u00edkov.<\/p>\n<p style=\"font-weight: 400;\"><strong>P\u00e1nska lek\u00e1rska z\u00e1stera bola<\/strong> vyroben\u00e1 z vysokokvalitnej bavlny so zmesou nylonu a lycry, v\u010faka \u010domu je materi\u00e1l priedu\u0161n\u00fd a dokonale sa prisp\u00f4sob\u00ed mu\u017eskej postave.<\/p>\n<p style=\"font-weight: 400;\">Vieme, ako funk\u010dn\u00e9 vreck\u00e1 u\u013eah\u010duj\u00fa pr\u00e1cu, a preto v <strong>p\u00e1nskej lek\u00e1rskej z\u00e1stere <\/strong>Med &amp; Beauty n\u00e1jdete a\u017e tri <strong>. <\/strong><\/p>\n<p style=\"font-weight: 400;\">Dve priestrann\u00e9 predn\u00e9 vreck\u00e1 v\u00e1m umo\u017enia vzia\u0165 si so sebou v\u0161etky pracovn\u00e9 potreby a n\u00e1prsn\u00e9 vrecko je skvel\u00e9 napr\u00edklad na ulo\u017eenie preukazu toto\u017enosti.<\/p>\n<p style=\"font-weight: 400;\">Klasick\u00fd a minimalistick\u00fd strih <strong>p\u00e1nskej lek\u00e1rskej z\u00e1stery nielen\u017ee<\/strong> vyzer\u00e1 skvele, ale zaru\u010duje aj maxim\u00e1lny rozsah pohybu, aj ke\u010f je z\u00e1stera zapnut\u00e1.<\/p>\n<p style=\"font-weight: 400;\"><strong>Klasick\u00e1 <a href=\"https:\/\/medandbeauty.com\/sk\/shop\/pre-neho\/kolekcia-premium-sk\/\" target=\"_blank\" rel=\"noopener\">p\u00e1nska lek\u00e1rska z\u00e1stera Med &amp; Beauty Premium<\/a> sa hod\u00ed<\/strong> k pracovn\u00fdm odevom, ktor\u00e9 s\u00fa k dispoz\u00edcii v <a href=\"https:\/\/medandbeauty.com\/sk\/shop\/pre-neho\/zakladna-kolekcia-sk\/\" target=\"_blank\" rel=\"noopener\"><strong>Z\u00e1kladn\u00e1 kolekcia \u017eupanov<\/strong><\/a>.<\/p>\n<p style=\"font-weight: 400;\">Pridajte si ich do ko\u0161\u00edka a vytvorte si najpohodlnej\u0161iu sadu <strong>zdravotn\u00edckeho oble\u010denia!<\/strong><\/p>\n<ul>\n<li style=\"font-weight: 400;\">Celkovo 3 praktick\u00e9 vreck\u00e1<\/li>\n<li style=\"font-weight: 400;\"><span style=\"font-family: inherit;\">Pru\u017en\u00e1, priedu\u0161n\u00e1 tkanina<\/span><\/li>\n<li style=\"font-weight: 400;\"><span style=\"font-family: inherit;\">Klasick\u00fd, elegantn\u00fd strih<\/span><\/li>\n<li style=\"font-weight: 400;\"><span style=\"font-family: inherit;\">Mo\u017eno personalizova\u0165 v\u00fd\u0161ivkou<\/span><\/li>\n<\/ul>\n<p>&nbsp;<\/p>\n<p style=\"font-weight: 400;\"><strong>\u010eal\u0161ie inform\u00e1cie:<\/strong><\/p>\n<p style=\"font-weight: 400;\">Modelka na fotografi\u00e1ch m\u00e1 na sebe ve\u013ekos\u0165 L a je vysok\u00e1 186 cm.<\/p>\n<p style=\"font-weight: 400;\">Ak si neviete vybra\u0165 ve\u013ekos\u0165, pozrite si tabu\u013eku ve\u013ekost\u00ed. Ak m\u00e1te \u010fal\u0161ie pochybnosti &#8211; po\u0161lite n\u00e1m svoje miery a my v\u00e1m ju prisp\u00f4sob\u00edme. <\/p>\n<p style=\"font-weight: 400;\">Farby odevov v <a href=\"https:\/\/medandbeauty.com\/sk\/shop\/pre-neho\/kolekcia-premium-sk\/\" target=\"_blank\" rel=\"noopener\">kolekcii Premium<\/a> sa nezhoduj\u00fa s farbami odevov v <a href=\"https:\/\/medandbeauty.com\/sk\/shop\/pre-neho\/zakladna-kolekcia-sk\/\" target=\"_blank\" rel=\"noopener\">kolekcii Basic<\/a> &#8211; s\u00fa vyroben\u00e9 z in\u00fdch materi\u00e1lov.<\/p>\n<p style=\"font-weight: 400;\">Odtiene jednotliv\u00fdch odevov na obr\u00e1zkoch sa m\u00f4\u017eu l\u00ed\u0161i\u0165 od skuto\u010dn\u00fdch &#8211; je to sp\u00f4soben\u00e9 r\u00f4znorodos\u0165ou dostupn\u00fdch elektronick\u00fdch zariaden\u00ed a ich individu\u00e1lnym nastaven\u00edm.<\/p>\n","protected":false},"excerpt":{"rendered":"<p>Klasick\u00e1 p\u00e1nska lek\u00e1rska z\u00e1stera Med &amp; Beauty od kolekcie Premium je najpohodlnej\u0161ia z\u00e1stera na ka\u017edodenn\u00fa pr\u00e1cu pre v\u0161etk\u00fdch zdravotn\u00edckych a kozmetick\u00fdch pracovn\u00edkov. P\u00e1nska lek\u00e1rska z\u00e1stera bola vyroben\u00e1 z vysokokvalitnej bavlny so zmesou nylonu a lycry, v\u010faka \u010domu je materi\u00e1l priedu\u0161n\u00fd a dokonale sa prisp\u00f4sob\u00ed mu\u017eskej postave. Vieme, ako funk\u010dn\u00e9 vreck\u00e1 u\u013eah\u010duj\u00fa pr\u00e1cu, a preto v [&hellip;]<\/p>\n","protected":false},"featured_media":479651,"comment_status":"open","ping_status":"closed","template":"","meta":{"_acf_changed":false,"inline_featured_image":false},"kolor":[1065],"rodzaj-ubrania":[1315],"ubranie":[2127],"product_brand":[],"product_cat":[1333,1414,2126,1098],"product_tag":[],"class_list":{"0":"post-649033","1":"product","2":"type-product","3":"status-publish","4":"has-post-thumbnail","6":"kolor-biela","7":"rodzaj-ubrania-lekarske-plaste","8":"ubranie-klasicky-pansky-lekarsky-plast-premium","9":"product_cat-bestsellery-sk","10":"product_cat-kolekcia-premium-sk","11":"product_cat-lekarske-plaste","12":"product_cat-pre-neho","14":"first","15":"instock","16":"taxable","17":"shipping-taxable","18":"purchasable","19":"product-type-variable"},"acf":[],"_links":{"self":[{"href":"https:\/\/medandbeauty.com\/sk\/wp-json\/wp\/v2\/product\/649033","targetHints":{"allow":["GET"]}}],"collection":[{"href":"https:\/\/medandbeauty.com\/sk\/wp-json\/wp\/v2\/product"}],"about":[{"href":"https:\/\/medandbeauty.com\/sk\/wp-json\/wp\/v2\/types\/product"}],"replies":[{"embeddable":true,"href":"https:\/\/medandbeauty.com\/sk\/wp-json\/wp\/v2\/comments?post=649033"}],"wp:featuredmedia":[{"embeddable":true,"href":"https:\/\/medandbeauty.com\/sk\/wp-json\/wp\/v2\/media\/479651"}],"wp:attachment":[{"href":"https:\/\/medandbeauty.com\/sk\/wp-json\/wp\/v2\/media?parent=649033"}],"wp:term":[{"taxonomy":"kolor","embeddable":true,"href":"https:\/\/medandbeauty.com\/sk\/wp-json\/wp\/v2\/kolor?post=649033"},{"taxonomy":"rodzaj-ubrania","embeddable":true,"href":"https:\/\/medandbeauty.com\/sk\/wp-json\/wp\/v2\/rodzaj-ubrania?post=649033"},{"taxonomy":"ubranie","embeddable":true,"href":"https:\/\/medandbeauty.com\/sk\/wp-json\/wp\/v2\/ubranie?post=649033"},{"taxonomy":"product_brand","embeddable":true,"href":"https:\/\/medandbeauty.com\/sk\/wp-json\/wp\/v2\/product_brand?post=649033"},{"taxonomy":"product_cat","embeddable":true,"href":"https:\/\/medandbeauty.com\/sk\/wp-json\/wp\/v2\/product_cat?post=649033"},{"taxonomy":"product_tag","embeddable":true,"href":"https:\/\/medandbeauty.com\/sk\/wp-json\/wp\/v2\/product_tag?post=649033"}],"curies":[{"name":"wp","href":"https:\/\/api.w.org\/{rel}","templated":true}]}}