{"id":696600,"date":"2026-01-29T20:31:24","date_gmt":"2026-01-29T19:31:24","guid":{"rendered":"https:\/\/medandbeauty.com\/product\/damske-lekarske-nohavice-flare-scrubs-basic-kakao\/"},"modified":"2026-03-11T12:30:13","modified_gmt":"2026-03-11T11:30:13","slug":"damske-lekarske-nohavice-flare-scrubs-basic-kakao","status":"publish","type":"product","link":"https:\/\/medandbeauty.com\/sk\/product\/damske-lekarske-nohavice-flare-scrubs-basic-kakao\/","title":{"rendered":"D\u00e1mske lek\u00e1rske nohavice FLARE scrubs Basic KAKAO"},"content":{"rendered":"<p>Teraz s\u00fa k dispoz\u00edcii na\u0161e najpred\u00e1vanej\u0161ie <strong>lek\u00e1rske nohavice v roz\u0161\u00edrenom strihu FLARE!<\/strong><\/p>\n<p><span style=\"color: #000000;\">Ak chcete zdravotn\u00edcke odevy vyroben\u00e9 z najkvalitnej\u0161\u00edch materi\u00e1lov pre maxim\u00e1lne pohodlie &#8211; na\u0161e<strong> <\/strong> <\/span><strong><span style=\"color: #000000;\">Zdravotn\u00edcke nohavice Flare Basic vo farbe Cocoa<\/span><\/strong><span style=\"color: #000000;\"> s\u00fa povinnou v\u00fdbavou v\u00e1\u0161ho \u0161atn\u00edka.<\/span><\/p>\n<p style=\"color: #000000;\"><strong>D\u00e1mske lek\u00e1rske nohavice Flare scrubs Basic Cocoa s\u00fa <\/strong>u\u0161it\u00e9 z na dotyk jemnej a na nosenie mimoriadne pr\u00edjemnej tkaniny, ktor\u00e1 zaru\u010duje maxim\u00e1lne pohodlie pri nosen\u00ed a zachovanie pln\u00e9ho rozsahu pohybu.<\/p>\n<p style=\"color: #000000;\">Kombin\u00e1cia polyesteru, visk\u00f3zy a lycry znamen\u00e1, \u017ee tkanina sa dokonale prisp\u00f4sob\u00ed \u017eenskej siluete, je mimoriadne odoln\u00e1 a ve\u013emi priedu\u0161n\u00e1.<\/p>\n<p><span style=\"color: #000000;\">Stopercentn\u00e9 pohodlie zaru\u010duje mierne zv\u00fd\u0161en\u00fd p\u00e1s a \u0161irok\u00fd a elastick\u00fd p\u00e1s so \u0161n\u00farkou na jednoduch\u00e9 nastavenie ve\u013ekosti.<\/span><strong style=\"color: #000000;\">. <\/strong><strong><span style=\"color: #000000;\">Lek\u00e1rske nohavice Flare od Med &amp; Beauty<\/span><\/strong><span style=\"color: #000000;\"> neobmedzuj\u00fa v pohybe ani pri dlh\u0161om nosen\u00ed.<\/span><\/p>\n<p style=\"color: #000000;\"><strong>Zdravotn\u00edcke nohavice Flare vo farbe Cocoa sa <\/strong>hodia k ak\u00e9muko\u013evek \u0161t\u00fdlu a v\u010faka \u0161tyrom priestrann\u00fdm a praktick\u00fdm vreck\u00e1m budete ma\u0165 v\u0161etky pracovn\u00e9 potreby a n\u00e1radie po ruke.<\/p>\n<p><span style=\"color: #000000;\">Zostavte si sadu snov <\/span><strong style=\"color: #000000;\">zdravotn\u00edckeho oble\u010denia<\/strong><span style=\"color: #000000;\">zladen\u00edm s<\/span><strong><span style=\"color: #000000;\"> D\u00e1mske lek\u00e1rske nohavice Flare Kakao s dvoma vreckami, lek\u00e1rska bl\u00fazka s jedn\u00fdm vreckom <\/span><\/strong><span style=\"color: #000000;\">alebo na\u0161ou novinkou &#8211; <\/span><strong><span style=\"color: #000000;\">lek\u00e1rska bl\u00fazka Flex<\/span><\/strong><span style=\"color: #000000;\"> z rovnak\u00e9ho materi\u00e1lu.<\/span><\/p>\n<p style=\"color: #000000;\">Vo\u013ene kombinujte farby a vytv\u00e1rajte jedine\u010dn\u00e9 vzh\u013eady alebo sa rozhodnite pre klasick\u00fd a nad\u010dasov\u00fd jednofarebn\u00fd vzh\u013ead.<\/p>\n<ul style=\"color: #000000;\">\n<li>Elastick\u00fd p\u00e1s so \u0161n\u00farkou na stiahnutie<\/li>\n<li><span style=\"font-family: inherit;\">4 praktick\u00e9 a priestrann\u00e9 vreck\u00e1<\/span><\/li>\n<li><span style=\"font-family: inherit;\">Roztiahnut\u00e9 nohy<\/span><\/li>\n<li><span style=\"font-family: inherit;\">Vysok\u00fd n\u00e1rast na zv\u00fdraznenie postavy<\/span><\/li>\n<\/ul>\n<p style=\"color: #000000;\"><strong> <\/strong><\/p>\n<p style=\"color: #000000;\"><strong>\u010eal\u0161ie inform\u00e1cie:<\/strong><br \/>\nModelky na fotografi\u00e1ch maj\u00fa na sebe ve\u013ekos\u0165 S a s\u00fa vysok\u00e9 170-174 cm.<\/p>\n<p style=\"color: #000000;\">Ak si neviete vybra\u0165 ve\u013ekos\u0165, pozrite si tabu\u013eku ve\u013ekost\u00ed. Ak m\u00e1te \u010fal\u0161ie pochybnosti &#8211; po\u0161lite n\u00e1m svoje miery a my v\u00e1m ju prisp\u00f4sob\u00edme. <\/p>\n<p style=\"color: #000000;\">Farby odevov v<a href=\"https:\/\/medandbeauty.com\/sk\/shop\/pre-nu\/zakladna-kolekcia\/\" target=\"_blank\" rel=\"noopener\"> kolekcii Basic<\/a> sa nezhoduj\u00fa s farbami odevov v <a href=\"https:\/\/medandbeauty.com\/sk\/shop\/pre-nu\/kolekcia-premium\/\" target=\"_blank\" rel=\"noopener\">kolekcii Premium<\/a> &#8211; s\u00fa vyroben\u00e9 z r\u00f4znych materi\u00e1lov.<\/p>\n<p style=\"color: #000000;\">Odtiene jednotliv\u00fdch odevov na obr\u00e1zkoch sa m\u00f4\u017eu l\u00ed\u0161i\u0165 od skuto\u010dn\u00fdch &#8211; je to sp\u00f4soben\u00e9 r\u00f4znorodos\u0165ou dostupn\u00fdch elektronick\u00fdch zariaden\u00ed a ich individu\u00e1lnym nastaven\u00edm.<\/p>\n","protected":false},"excerpt":{"rendered":"<p>Teraz s\u00fa k dispoz\u00edcii na\u0161e najpred\u00e1vanej\u0161ie lek\u00e1rske nohavice v roz\u0161\u00edrenom strihu FLARE! Ak chcete zdravotn\u00edcke odevy vyroben\u00e9 z najkvalitnej\u0161\u00edch materi\u00e1lov pre maxim\u00e1lne pohodlie &#8211; na\u0161e Zdravotn\u00edcke nohavice Flare Basic vo farbe Cocoa s\u00fa povinnou v\u00fdbavou v\u00e1\u0161ho \u0161atn\u00edka. D\u00e1mske lek\u00e1rske nohavice Flare scrubs Basic Cocoa s\u00fa u\u0161it\u00e9 z na dotyk jemnej a na nosenie mimoriadne pr\u00edjemnej [&hellip;]<\/p>\n","protected":false},"featured_media":678242,"comment_status":"open","ping_status":"closed","template":"","meta":{"_acf_changed":false,"inline_featured_image":false},"kolor":[1200],"rodzaj-ubrania":[1082,1095],"ubranie":[1499],"product_brand":[],"product_cat":[1081,1094,1058,1079],"product_tag":[],"class_list":{"0":"post-696600","1":"product","2":"type-product","3":"status-publish","4":"has-post-thumbnail","6":"kolor-browns-sk","7":"rodzaj-ubrania-kroviny","8":"rodzaj-ubrania-lekarske-nohavice","9":"ubranie-damske-lekarske-nohavice-flare-scrubs-basic","10":"product_cat-kroviny","11":"product_cat-lekarske-nohavice","12":"product_cat-pre-nu","13":"product_cat-zakladna-kolekcia","15":"first","16":"instock","17":"taxable","18":"shipping-taxable","19":"purchasable","20":"product-type-variable"},"acf":[],"_links":{"self":[{"href":"https:\/\/medandbeauty.com\/sk\/wp-json\/wp\/v2\/product\/696600","targetHints":{"allow":["GET"]}}],"collection":[{"href":"https:\/\/medandbeauty.com\/sk\/wp-json\/wp\/v2\/product"}],"about":[{"href":"https:\/\/medandbeauty.com\/sk\/wp-json\/wp\/v2\/types\/product"}],"replies":[{"embeddable":true,"href":"https:\/\/medandbeauty.com\/sk\/wp-json\/wp\/v2\/comments?post=696600"}],"wp:featuredmedia":[{"embeddable":true,"href":"https:\/\/medandbeauty.com\/sk\/wp-json\/wp\/v2\/media\/678242"}],"wp:attachment":[{"href":"https:\/\/medandbeauty.com\/sk\/wp-json\/wp\/v2\/media?parent=696600"}],"wp:term":[{"taxonomy":"kolor","embeddable":true,"href":"https:\/\/medandbeauty.com\/sk\/wp-json\/wp\/v2\/kolor?post=696600"},{"taxonomy":"rodzaj-ubrania","embeddable":true,"href":"https:\/\/medandbeauty.com\/sk\/wp-json\/wp\/v2\/rodzaj-ubrania?post=696600"},{"taxonomy":"ubranie","embeddable":true,"href":"https:\/\/medandbeauty.com\/sk\/wp-json\/wp\/v2\/ubranie?post=696600"},{"taxonomy":"product_brand","embeddable":true,"href":"https:\/\/medandbeauty.com\/sk\/wp-json\/wp\/v2\/product_brand?post=696600"},{"taxonomy":"product_cat","embeddable":true,"href":"https:\/\/medandbeauty.com\/sk\/wp-json\/wp\/v2\/product_cat?post=696600"},{"taxonomy":"product_tag","embeddable":true,"href":"https:\/\/medandbeauty.com\/sk\/wp-json\/wp\/v2\/product_tag?post=696600"}],"curies":[{"name":"wp","href":"https:\/\/api.w.org\/{rel}","templated":true}]}}