{"id":696601,"date":"2026-01-29T20:23:27","date_gmt":"2026-01-29T19:23:27","guid":{"rendered":"https:\/\/medandbeauty.com\/product\/damske-lekarske-bluzky-basic-flex-kakao\/"},"modified":"2026-03-11T12:30:12","modified_gmt":"2026-03-11T11:30:12","slug":"damske-lekarske-bluzky-basic-flex-kakao","status":"publish","type":"product","link":"https:\/\/medandbeauty.com\/sk\/product\/damske-lekarske-bluzky-basic-flex-kakao\/","title":{"rendered":"D\u00e1mske lek\u00e1rske bl\u00fazky Basic Flex KAKAO"},"content":{"rendered":"<p>Novinka v na\u0161ej ponuke &#8211; <strong>lek\u00e1rske bl\u00fazky v strihu FLEX<\/strong> &#8211; pre v\u0161etk\u00fdch milovn\u00edkov elegancie a pohodlia!<\/p>\n<p>Ke\u010f tr\u00e1vite v pr\u00e1ci dlh\u00e9 a intenz\u00edvne hodiny, potrebujete zdravotn\u00edcky odev, ktor\u00fd poskytuje maxim\u00e1lne pohodlie. <strong>D\u00e1mska lek\u00e1rska bl\u00faza Scrubs Basic Flex Cocoa je vyroben\u00e1 z <\/strong>najkvalitnej\u0161ej tkaniny.<\/p>\n<p>V\u010faka kombin\u00e1cii polyesteru, visk\u00f3zy a lycry je materi\u00e1l ve\u013emi odoln\u00fd, m\u00e4kk\u00fd, pr\u00edjemn\u00fd na dotyk, prisp\u00f4sob\u00ed sa ka\u017ed\u00e9mu typu \u017eenskej postavy, neobmedzuje v pohybe a, \u010do je pre <strong>zdravotn\u00edcke odevy<\/strong> mimoriadne d\u00f4le\u017eit\u00e9, je tie\u017e priedu\u0161n\u00fd a priedu\u0161n\u00fd.<\/p>\n<p><strong>D\u00e1mska<\/strong><strong> zdravotn\u00edcka bl\u00fazka <\/strong><strong>Scrubs<\/strong><strong> Basic Flex Cocoa <\/strong><strong>je ide\u00e1lnym z\u00e1kladom<\/strong> pre spo\u013eahliv\u00fd a nad\u010dasov\u00fd \u0161atn\u00edk zdravotn\u00edckeho oble\u010denia.<\/p>\n<p>Je vybaven\u00e1 dvoma priestrann\u00fdmi, skryt\u00fdmi a mimoriadne praktick\u00fdmi vreckami, ktor\u00e9 v\u00e1m umo\u017enia ulo\u017ei\u0165 v\u0161etky drobnosti potrebn\u00e9 po\u010das pr\u00e1ce, ako aj jedn\u00fdm n\u00e1prsn\u00fdm vreckom, ktor\u00e9 sa skvele hod\u00ed na ulo\u017eenie pera a pripevnenie preukazu toto\u017enosti.<\/p>\n<p>Klasick\u00fd stojac\u00ed golier kr\u00e1sne zv\u00fdraz\u0148uje eleganciu tohto modelu, vo\u013en\u00fd, tvarovan\u00fd strih zaru\u010duje maxim\u00e1lne pohodlie a ruk\u00e1vy kr\u00e1sne sedia na ramen\u00e1ch a neobmedzuj\u00fa v pohybe.<\/p>\n<p><strong>D\u00e1msku lek\u00e1rsku bl\u00fazku Scrubs Basic v kakaovej farbe<\/strong> skombinujte <strong>s lek\u00e1rskymi<\/strong><strong>be\u017eeck\u00fdmi nohavicami, <\/strong> <strong>\u0161irok\u00fdmi <\/strong><strong>lek\u00e1rskymi nohavicami alebo klasick\u00fdmi proste <\/strong> <strong>lek\u00e1rskymi nohavicami v rovnakej farbe<\/strong>, pr\u00edpadne si vyberte in\u00fd odtie\u0148 z mnoh\u00fdch dostupn\u00fdch v kolekcii. <a href=\"https:\/\/medandbeauty.com\/sk\/shop\/pre-nu\/zakladna-kolekcia\/\" target=\"_blank\" rel=\"noopener\"><strong>Med &amp; Beauty Basic<\/strong><\/a>.<\/p>\n<p>Zabezpe\u010dte si maxim\u00e1lne pohodlie a profesion\u00e1lny vzh\u013ead pri pr\u00e1ci so<strong> zdravotn\u00edckymi \u0161atkami<\/strong> <a href=\"https:\/\/medandbeauty.com\/sk\/shop\/pre-nu\/zakladna-kolekcia\/\" target=\"_blank\" rel=\"noopener\"><strong>Med &amp; Beauty Basic<\/strong><\/a>.<\/p>\n<ul>\n<li>Dve ve\u013ek\u00e9, praktick\u00e9, skryt\u00e9 a priestrann\u00e9 vreck\u00e1<\/li>\n<li>Pr\u00eddavn\u00e9 n\u00e1prsn\u00e9 vrecko<\/li>\n<li><span style=\"font-family: inherit;\">Vo\u013en\u00fd strih, \u0161t\u00edhly strih<\/span><\/li>\n<li><span style=\"font-family: inherit;\">Elegantn\u00fd stojaci golier<\/span><\/li>\n<li><span style=\"font-family: inherit;\">Pohodln\u00fd, kr\u00e1tky ruk\u00e1v<\/span><\/li>\n<\/ul>\n<p>&nbsp;<\/p>\n<p><strong>\u010eal\u0161ie inform\u00e1cie:<\/strong><br \/>\nModelky na fotografi\u00e1ch maj\u00fa na sebe ve\u013ekos\u0165 S a s\u00fa vysok\u00e9 170-174 cm.<\/p>\n<p>Ak si neviete vybra\u0165 ve\u013ekos\u0165, pozrite si tabu\u013eku ve\u013ekost\u00ed. Ak m\u00e1te \u010fal\u0161ie pochybnosti &#8211; po\u0161lite n\u00e1m svoje miery a my v\u00e1m ju prisp\u00f4sob\u00edme. <\/p>\n<p>Farby odevov v kolekcii Basic sa nezhoduj\u00fa s farbami odevov v<a href=\"https:\/\/medandbeauty.com\/sk\/shop\/pre-nu\/kolekcia-premium\/\" target=\"_blank\" rel=\"noopener\"> kolekcii Premium<\/a> &#8211; s\u00fa vyroben\u00e9 z r\u00f4znych materi\u00e1lov.<\/p>\n<p>Odtiene jednotliv\u00fdch odevov na obr\u00e1zkoch sa m\u00f4\u017eu l\u00ed\u0161i\u0165 od skuto\u010dn\u00fdch &#8211; je to sp\u00f4soben\u00e9 r\u00f4znorodos\u0165ou dostupn\u00fdch elektronick\u00fdch zariaden\u00ed a ich individu\u00e1lnym nastaven\u00edm.<\/p>\n","protected":false},"excerpt":{"rendered":"<p>Novinka v na\u0161ej ponuke &#8211; lek\u00e1rske bl\u00fazky v strihu FLEX &#8211; pre v\u0161etk\u00fdch milovn\u00edkov elegancie a pohodlia! Ke\u010f tr\u00e1vite v pr\u00e1ci dlh\u00e9 a intenz\u00edvne hodiny, potrebujete zdravotn\u00edcky odev, ktor\u00fd poskytuje maxim\u00e1lne pohodlie. D\u00e1mska lek\u00e1rska bl\u00faza Scrubs Basic Flex Cocoa je vyroben\u00e1 z najkvalitnej\u0161ej tkaniny. V\u010faka kombin\u00e1cii polyesteru, visk\u00f3zy a lycry je materi\u00e1l ve\u013emi odoln\u00fd, m\u00e4kk\u00fd, [&hellip;]<\/p>\n","protected":false},"featured_media":678230,"comment_status":"open","ping_status":"closed","template":"","meta":{"_acf_changed":false,"inline_featured_image":false},"kolor":[1200],"rodzaj-ubrania":[1082,1083],"ubranie":[1421],"product_brand":[],"product_cat":[1081,1080,1058,1079],"product_tag":[],"class_list":{"0":"post-696601","1":"product","2":"type-product","3":"status-publish","4":"has-post-thumbnail","6":"kolor-browns-sk","7":"rodzaj-ubrania-kroviny","8":"rodzaj-ubrania-lekarske-bluzky","9":"ubranie-damska-lekarska-bluzka-scrubs-flex-basic","10":"product_cat-kroviny","11":"product_cat-lekarske-bluzky","12":"product_cat-pre-nu","13":"product_cat-zakladna-kolekcia","15":"first","16":"instock","17":"taxable","18":"shipping-taxable","19":"purchasable","20":"product-type-variable"},"acf":[],"_links":{"self":[{"href":"https:\/\/medandbeauty.com\/sk\/wp-json\/wp\/v2\/product\/696601","targetHints":{"allow":["GET"]}}],"collection":[{"href":"https:\/\/medandbeauty.com\/sk\/wp-json\/wp\/v2\/product"}],"about":[{"href":"https:\/\/medandbeauty.com\/sk\/wp-json\/wp\/v2\/types\/product"}],"replies":[{"embeddable":true,"href":"https:\/\/medandbeauty.com\/sk\/wp-json\/wp\/v2\/comments?post=696601"}],"wp:featuredmedia":[{"embeddable":true,"href":"https:\/\/medandbeauty.com\/sk\/wp-json\/wp\/v2\/media\/678230"}],"wp:attachment":[{"href":"https:\/\/medandbeauty.com\/sk\/wp-json\/wp\/v2\/media?parent=696601"}],"wp:term":[{"taxonomy":"kolor","embeddable":true,"href":"https:\/\/medandbeauty.com\/sk\/wp-json\/wp\/v2\/kolor?post=696601"},{"taxonomy":"rodzaj-ubrania","embeddable":true,"href":"https:\/\/medandbeauty.com\/sk\/wp-json\/wp\/v2\/rodzaj-ubrania?post=696601"},{"taxonomy":"ubranie","embeddable":true,"href":"https:\/\/medandbeauty.com\/sk\/wp-json\/wp\/v2\/ubranie?post=696601"},{"taxonomy":"product_brand","embeddable":true,"href":"https:\/\/medandbeauty.com\/sk\/wp-json\/wp\/v2\/product_brand?post=696601"},{"taxonomy":"product_cat","embeddable":true,"href":"https:\/\/medandbeauty.com\/sk\/wp-json\/wp\/v2\/product_cat?post=696601"},{"taxonomy":"product_tag","embeddable":true,"href":"https:\/\/medandbeauty.com\/sk\/wp-json\/wp\/v2\/product_tag?post=696601"}],"curies":[{"name":"wp","href":"https:\/\/api.w.org\/{rel}","templated":true}]}}