{"id":722274,"date":"2026-01-14T16:13:28","date_gmt":"2026-01-14T15:13:28","guid":{"rendered":"https:\/\/medandbeauty.com\/product\/panska-lekarska-bluzka-polo-scrubs-basic-navy-blue\/"},"modified":"2026-01-14T16:13:28","modified_gmt":"2026-01-14T15:13:28","slug":"panska-lekarska-bluzka-polo-scrubs-basic-navy-blue","status":"publish","type":"product","link":"https:\/\/medandbeauty.com\/sk\/product\/panska-lekarska-bluzka-polo-scrubs-basic-navy-blue\/","title":{"rendered":"P\u00e1nska lek\u00e1rska bl\u00fazka Polo scrubs Basic navy blue"},"content":{"rendered":"<p>Pri dlh\u00fdch a intenz\u00edvnych hodin\u00e1ch str\u00e1ven\u00fdch v pr\u00e1ci potrebujete zdravotn\u00edcky odev, ktor\u00fd poskytuje maxim\u00e1lne pohodlie.<\/p>\n<p><strong>Tmavomodr\u00e1 p\u00e1nska lek\u00e1rska poloko\u0161e\u013ea Basic bola <\/strong>vyroben\u00e1 z najkvalitnej\u0161ej tkaniny.<\/p>\n<p>V\u010faka kombin\u00e1cii polyesteru, visk\u00f3zy a lycry je materi\u00e1l ve\u013emi odoln\u00fd, m\u00e4kk\u00fd, pr\u00edjemn\u00fd na dotyk, prisp\u00f4sob\u00ed sa ka\u017ed\u00e9mu typu \u017eenskej postavy, neobmedzuje v pohybe a, \u010do je pre <strong>zdravotn\u00edcke odevy<\/strong> mimoriadne d\u00f4le\u017eit\u00e9, je tie\u017e priedu\u0161n\u00fd a priedu\u0161n\u00fd.<\/p>\n<p><strong>Tmavomodr\u00e9 p\u00e1nske lek\u00e1rske poltop\u00e1nky Basic bl\u00fazka<span style=\"font-weight: 400;\"> <\/span><\/strong>s\u00fa ide\u00e1lnym z\u00e1kladom spo\u013eahliv\u00e9ho a nad\u010dasov\u00e9ho lek\u00e1rskeho oble\u010denia.<\/p>\n<p>M\u00e1 jedno klasick\u00e9 n\u00e1prsn\u00e9 vrecko, ktor\u00e9 je ide\u00e1lne na pripevnenie identifika\u010dn\u00e9ho preukazu a na pren\u00e1\u0161anie drobnost\u00ed, ako je pero alebo karta.<\/p>\n<p>Klasick\u00fd polo v\u00fdstrih s golierom zd\u00f4raz\u0148uje nad\u010dasovos\u0165 tohto modelu, zatia\u013e \u010do d\u013a\u017eka ruk\u00e1vov (siahaj\u00faca takmer po lake\u0165) poskytuje ochranu ramien a z\u00e1rove\u0148 neobmedzuje pohyb.<\/p>\n<p>Vreck\u00e1 na golieri umo\u017e\u0148uj\u00fa odopnutie goliera pre v\u00e4\u010d\u0161iu vo\u013enos\u0165 alebo zapnutie na samotnom krku.<\/p>\n<p><strong>P\u00e1nsku poloko\u0161e\u013eu Med &amp; Beauty Basic scrubs v n\u00e1morn\u00edckej modrej farbe<\/strong> skombinujte <strong>s lek\u00e1rskymi<\/strong><strong>be\u017eeck\u00fdmi nohavicami alebo <\/strong> <strong>klasick\u00fdmi <\/strong> proste <strong>lek\u00e1rskymi nohavicami v rovnakej farbe<\/strong>, pr\u00edpadne si vyberte in\u00fd odtie\u0148 z mnoh\u00fdch dostupn\u00fdch v kolekcii. <a href=\"https:\/\/medandbeauty.com\/sk\/shop\/pre-neho\/zakladna-kolekcia-sk\/\" target=\"_blank\" rel=\"noopener\"><strong>Med &amp; Beauty Basic<\/strong><\/a>.<\/p>\n<p>Zabezpe\u010dte si maxim\u00e1lne pohodlie a profesion\u00e1lny vzh\u013ead pri pr\u00e1ci so<strong> zdravotn\u00edckymi \u0161atkami<\/strong> <a href=\"https:\/\/medandbeauty.com\/sk\/shop\/pre-neho\/zakladna-kolekcia-sk\/\" target=\"_blank\" rel=\"noopener\"><strong>Med &amp; Beauty Basic<\/strong><\/a>.<\/p>\n<ul>\n<li>N\u00e1prsn\u00e9 vrecko<\/li>\n<li><span style=\"font-family: inherit;\">Elegantn\u00fd strih<\/span><\/li>\n<li><span style=\"font-family: inherit;\">Klasick\u00fd polo golier<\/span><\/li>\n<li><span style=\"font-family: inherit;\">Pohodln\u00fd, kr\u00e1tky ruk\u00e1v<\/span><\/li>\n<\/ul>\n<p>&nbsp;<\/p>\n<p><strong>\u010eal\u0161ie inform\u00e1cie:<\/strong><\/p>\n<p>Modelka na fotografi\u00e1ch m\u00e1 na sebe ve\u013ekos\u0165 L a je vysok\u00e1 186 cm.<\/p>\n<p>Ak si neviete vybra\u0165 ve\u013ekos\u0165, pozrite si tabu\u013eku ve\u013ekost\u00ed. Ak m\u00e1te \u010fal\u0161ie pochybnosti &#8211; po\u0161lite n\u00e1m svoje miery a my v\u00e1m ju prisp\u00f4sob\u00edme. <\/p>\n<p>Farby odevov v <a href=\"https:\/\/medandbeauty.com\/sk\/shop\/pre-neho\/zakladna-kolekcia-sk\/\" target=\"_blank\" rel=\"noopener\">kolekcii Basic<\/a> sa nezhoduj\u00fa s farbami odevov v <a href=\"https:\/\/medandbeauty.com\/sk\/shop\/pre-neho\/kolekcia-premium-sk\/\" target=\"_blank\" rel=\"noopener\">kolekcii Premium<\/a> &#8211; s\u00fa vyroben\u00e9 z r\u00f4znych materi\u00e1lov.<\/p>\n<p>Odtiene jednotliv\u00fdch odevov na obr\u00e1zkoch sa m\u00f4\u017eu l\u00ed\u0161i\u0165 od skuto\u010dn\u00fdch &#8211; je to sp\u00f4soben\u00e9 r\u00f4znorodos\u0165ou dostupn\u00fdch elektronick\u00fdch zariaden\u00ed a ich individu\u00e1lnym nastaven\u00edm.<\/p>\n","protected":false},"excerpt":{"rendered":"<p>Pri dlh\u00fdch a intenz\u00edvnych hodin\u00e1ch str\u00e1ven\u00fdch v pr\u00e1ci potrebujete zdravotn\u00edcky odev, ktor\u00fd poskytuje maxim\u00e1lne pohodlie. Tmavomodr\u00e1 p\u00e1nska lek\u00e1rska poloko\u0161e\u013ea Basic bola vyroben\u00e1 z najkvalitnej\u0161ej tkaniny. V\u010faka kombin\u00e1cii polyesteru, visk\u00f3zy a lycry je materi\u00e1l ve\u013emi odoln\u00fd, m\u00e4kk\u00fd, pr\u00edjemn\u00fd na dotyk, prisp\u00f4sob\u00ed sa ka\u017ed\u00e9mu typu \u017eenskej postavy, neobmedzuje v pohybe a, \u010do je pre zdravotn\u00edcke odevy mimoriadne [&hellip;]<\/p>\n","protected":false},"featured_media":721434,"comment_status":"open","ping_status":"closed","template":"","meta":{"_acf_changed":false,"inline_featured_image":false},"kolor":[1136],"rodzaj-ubrania":[1082,1083],"ubranie":[2143],"product_brand":[],"product_cat":[1102,1101,1098,1099],"product_tag":[],"class_list":{"0":"post-722274","1":"product","2":"type-product","3":"status-publish","4":"has-post-thumbnail","6":"kolor-modra","7":"rodzaj-ubrania-kroviny","8":"rodzaj-ubrania-lekarske-bluzky","9":"ubranie-panske-lekarske-polokosele-scrubs-basic","10":"product_cat-kroviny-sk","11":"product_cat-lekarske-bluzky-sk","12":"product_cat-pre-neho","13":"product_cat-zakladna-kolekcia-sk","15":"first","16":"instock","17":"taxable","18":"shipping-taxable","19":"purchasable","20":"product-type-variable"},"acf":[],"_links":{"self":[{"href":"https:\/\/medandbeauty.com\/sk\/wp-json\/wp\/v2\/product\/722274","targetHints":{"allow":["GET"]}}],"collection":[{"href":"https:\/\/medandbeauty.com\/sk\/wp-json\/wp\/v2\/product"}],"about":[{"href":"https:\/\/medandbeauty.com\/sk\/wp-json\/wp\/v2\/types\/product"}],"replies":[{"embeddable":true,"href":"https:\/\/medandbeauty.com\/sk\/wp-json\/wp\/v2\/comments?post=722274"}],"wp:featuredmedia":[{"embeddable":true,"href":"https:\/\/medandbeauty.com\/sk\/wp-json\/wp\/v2\/media\/721434"}],"wp:attachment":[{"href":"https:\/\/medandbeauty.com\/sk\/wp-json\/wp\/v2\/media?parent=722274"}],"wp:term":[{"taxonomy":"kolor","embeddable":true,"href":"https:\/\/medandbeauty.com\/sk\/wp-json\/wp\/v2\/kolor?post=722274"},{"taxonomy":"rodzaj-ubrania","embeddable":true,"href":"https:\/\/medandbeauty.com\/sk\/wp-json\/wp\/v2\/rodzaj-ubrania?post=722274"},{"taxonomy":"ubranie","embeddable":true,"href":"https:\/\/medandbeauty.com\/sk\/wp-json\/wp\/v2\/ubranie?post=722274"},{"taxonomy":"product_brand","embeddable":true,"href":"https:\/\/medandbeauty.com\/sk\/wp-json\/wp\/v2\/product_brand?post=722274"},{"taxonomy":"product_cat","embeddable":true,"href":"https:\/\/medandbeauty.com\/sk\/wp-json\/wp\/v2\/product_cat?post=722274"},{"taxonomy":"product_tag","embeddable":true,"href":"https:\/\/medandbeauty.com\/sk\/wp-json\/wp\/v2\/product_tag?post=722274"}],"curies":[{"name":"wp","href":"https:\/\/api.w.org\/{rel}","templated":true}]}}